{"id":396,"date":"2015-04-27T18:45:25","date_gmt":"2015-04-27T16:45:25","guid":{"rendered":"https:\/\/casadelneri.test-wordpress.it\/?page_id=396"},"modified":"2015-05-05T13:33:12","modified_gmt":"2015-05-05T11:33:12","slug":"aquileia","status":"publish","type":"page","link":"https:\/\/casadelneri.test-wordpress.it\/?page_id=396","title":{"rendered":"Aquileia"},"content":{"rendered":"\n<div id=\"rev_slider_3_1_wrapper\" class=\"rev_slider_wrapper fullwidthbanner-container\" style=\"margin:0px auto;background-color:#E9E9E9;padding:0px;margin-top:0px;margin-bottom:0px;max-height:800px;\">\n<!-- START REVOLUTION SLIDER 4.6.3 fullwidth mode -->\n\t<div id=\"rev_slider_3_1\" class=\"rev_slider fullwidthabanner\" style=\"display:none;max-height:800px;height:800px;\">\n<ul>\t<!-- SLIDE  -->\n\t<li data-transition=\"fade\" data-slotamount=\"7\" data-masterspeed=\"1200\" data-thumb=\"https:\/\/casadelneri.test-wordpress.it\/wp-content\/uploads\/2015\/05\/prima-320x200.jpg\"  data-saveperformance=\"off\" >\n\t\t<!-- MAIN IMAGE -->\n\t\t<img src=\"https:\/\/casadelneri.test-wordpress.it\/wp-content\/uploads\/2015\/05\/prima.jpg\"  alt=\"prima\"  data-bgposition=\"center top\" data-bgfit=\"cover\" data-bgrepeat=\"no-repeat\">\n\t\t<!-- LAYERS -->\n\n\t\t<!-- LAYER NR. 1 -->\n\t\t<div class=\"tp-caption slidefull-text1 sfl fadeout tp-resizeme\" \n\t\t\t data-x=\"right\" data-hoffset=\"-100\" \n\t\t\t data-y=\"center\" data-voffset=\"-70\" \n\t\t\tdata-speed=\"500\" \n\t\t\tdata-start=\"1500\" \n\t\t\tdata-easing=\"Linear.easeNone\" \n\t\t\tdata-splitin=\"none\" \n\t\t\tdata-splitout=\"none\" \n\t\t\tdata-elementdelay=\"0.1\" \n\t\t\tdata-endelementdelay=\"0.1\" \n\t\t\t data-endspeed=\"500\" \n\t\t\tdata-endeasing=\"Linear.easeNone\" \n\n\t\t\tstyle=\"z-index: 5; max-width: auto; max-height: auto; white-space: nowrap;\">Basilica di Aquileia \n\t\t<\/div>\n\t<\/li>\n\t<!-- SLIDE  -->\n\t<li data-transition=\"fade\" data-slotamount=\"7\" data-masterspeed=\"1200\" data-thumb=\"https:\/\/casadelneri.test-wordpress.it\/wp-content\/uploads\/2015\/05\/seconda-320x200.jpeg\"  data-saveperformance=\"off\" >\n\t\t<!-- MAIN IMAGE -->\n\t\t<img src=\"https:\/\/casadelneri.test-wordpress.it\/wp-content\/uploads\/2015\/05\/seconda.jpeg\"  alt=\"seconda\"  data-bgposition=\"center top\" data-bgfit=\"cover\" data-bgrepeat=\"no-repeat\">\n\t\t<!-- LAYERS -->\n\n\t\t<!-- LAYER NR. 1 -->\n\t\t<div class=\"tp-caption slidefull-text1 sfr stl tp-resizeme\" \n\t\t\t data-x=\"right\" data-hoffset=\"-100\" \n\t\t\t data-y=\"center\" data-voffset=\"-70\" \n\t\t\tdata-speed=\"500\" \n\t\t\tdata-start=\"1500\" \n\t\t\tdata-easing=\"Linear.easeNone\" \n\t\t\tdata-splitin=\"none\" \n\t\t\tdata-splitout=\"none\" \n\t\t\tdata-elementdelay=\"0.1\" \n\t\t\tdata-endelementdelay=\"0.1\" \n\t\t\t data-endspeed=\"500\" \n\t\t\tdata-endeasing=\"Linear.easeNone\" \n\n\t\t\tstyle=\"z-index: 5; max-width: auto; max-height: auto; white-space: nowrap;\">Cimitero degli Eroi \n\t\t<\/div>\n\t<\/li>\n\t<!-- SLIDE  -->\n\t<li data-transition=\"fade\" data-slotamount=\"7\" data-masterspeed=\"1200\" data-thumb=\"https:\/\/casadelneri.test-wordpress.it\/wp-content\/uploads\/2015\/05\/quarta-320x200.jpeg\"  data-saveperformance=\"off\" >\n\t\t<!-- MAIN IMAGE -->\n\t\t<img src=\"https:\/\/casadelneri.test-wordpress.it\/wp-content\/uploads\/2015\/05\/quarta.jpeg\"  alt=\"quarta\"  data-bgposition=\"center top\" data-bgfit=\"cover\" data-bgrepeat=\"no-repeat\">\n\t\t<!-- LAYERS -->\n\n\t\t<!-- LAYER NR. 1 -->\n\t\t<div class=\"tp-caption slidefull-text1 tp-fade fadeout tp-resizeme\" \n\t\t\t data-x=\"right\" data-hoffset=\"-100\" \n\t\t\t data-y=\"center\" data-voffset=\"-70\" \n\t\t\tdata-speed=\"500\" \n\t\t\tdata-start=\"1500\" \n\t\t\tdata-easing=\"Linear.easeNone\" \n\t\t\tdata-splitin=\"none\" \n\t\t\tdata-splitout=\"none\" \n\t\t\tdata-elementdelay=\"0.1\" \n\t\t\tdata-endelementdelay=\"0.1\" \n\t\t\t data-endspeed=\"500\" \n\n\t\t\tstyle=\"z-index: 5; max-width: auto; max-height: auto; white-space: nowrap;\">Foro Romano \n\t\t<\/div>\n\t<\/li>\n\t<!-- SLIDE  -->\n\t<li data-transition=\"fade\" data-slotamount=\"7\" data-masterspeed=\"1200\" data-thumb=\"https:\/\/casadelneri.test-wordpress.it\/wp-content\/uploads\/2015\/05\/quinta-320x200.jpeg\"  data-saveperformance=\"off\" >\n\t\t<!-- MAIN IMAGE -->\n\t\t<img src=\"https:\/\/casadelneri.test-wordpress.it\/wp-content\/uploads\/2015\/05\/quinta.jpeg\"  alt=\"quinta\"  data-bgposition=\"center top\" data-bgfit=\"cover\" data-bgrepeat=\"no-repeat\">\n\t\t<!-- LAYERS -->\n\n\t\t<!-- LAYER NR. 1 -->\n\t\t<div class=\"tp-caption slidefull-text1 tp-fade fadeout tp-resizeme\" \n\t\t\t data-x=\"right\" data-hoffset=\"-143\" \n\t\t\t data-y=\"center\" data-voffset=\"-176\" \n\t\t\tdata-speed=\"500\" \n\t\t\tdata-start=\"1500\" \n\t\t\tdata-easing=\"Linear.easeNone\" \n\t\t\tdata-splitin=\"none\" \n\t\t\tdata-splitout=\"none\" \n\t\t\tdata-elementdelay=\"0.1\" \n\t\t\tdata-endelementdelay=\"0.1\" \n\t\t\t data-endspeed=\"500\" \n\n\t\t\tstyle=\"z-index: 5; max-width: auto; max-height: auto; white-space: nowrap;\">La Lupa \n\t\t<\/div>\n\t<\/li>\n\t<!-- SLIDE  -->\n\t<li data-transition=\"fade\" data-slotamount=\"7\" data-masterspeed=\"1200\" data-thumb=\"https:\/\/casadelneri.test-wordpress.it\/wp-content\/uploads\/2015\/05\/sesta-320x200.jpeg\"  data-saveperformance=\"off\" >\n\t\t<!-- MAIN IMAGE -->\n\t\t<img src=\"https:\/\/casadelneri.test-wordpress.it\/wp-content\/uploads\/2015\/05\/sesta.jpeg\"  alt=\"sesta\"  data-bgposition=\"center top\" data-bgfit=\"cover\" data-bgrepeat=\"no-repeat\">\n\t\t<!-- LAYERS -->\n\n\t\t<!-- LAYER NR. 1 -->\n\t\t<div class=\"tp-caption slidefull-text1 tp-fade fadeout tp-resizeme\" \n\t\t\t data-x=\"right\" data-hoffset=\"-100\" \n\t\t\t data-y=\"center\" data-voffset=\"-70\" \n\t\t\tdata-speed=\"500\" \n\t\t\tdata-start=\"1500\" \n\t\t\tdata-easing=\"Linear.easeNone\" \n\t\t\tdata-splitin=\"none\" \n\t\t\tdata-splitout=\"none\" \n\t\t\tdata-elementdelay=\"0.1\" \n\t\t\tdata-endelementdelay=\"0.1\" \n\t\t\t data-endspeed=\"500\" \n\n\t\t\tstyle=\"z-index: 5; max-width: auto; max-height: auto; white-space: nowrap;\">Fondo c.al. \n\t\t<\/div>\n\t<\/li>\n<\/ul>\n<div class=\"tp-bannertimer\"><\/div>\t<\/div>\n\t\t\t\n\n\t\t\t<style scoped>.slidefull-text1{font-family:\"mongolian_baitiregular\";background-color:rgba(0,0,0,0.7);float:right;margin-bottom:1px;padding:0px 10px;text-align:right;font-size:30px;letter-spacing:2px;line-height:46px;text-transform:uppercase;color:rgb(255,255,255);border-width:0px;border-color:rgb(255,255,255);border-style:none}<\/style>\n\n\t\t\t<script type=\"text\/javascript\">\n\n\t\t\t\t\/******************************************\n\t\t\t\t\t-\tPREPARE PLACEHOLDER FOR SLIDER\t-\n\t\t\t\t******************************************\/\n\t\t\t\t\n\n\t\t\t\tvar setREVStartSize = function() {\n\t\t\t\t\tvar\ttpopt = new Object();\n\t\t\t\t\t\ttpopt.startwidth = 1200;\n\t\t\t\t\t\ttpopt.startheight = 800;\n\t\t\t\t\t\ttpopt.container = jQuery('#rev_slider_3_1');\n\t\t\t\t\t\ttpopt.fullScreen = \"off\";\n\t\t\t\t\t\ttpopt.forceFullWidth=\"off\";\n\n\t\t\t\t\ttpopt.container.closest(\".rev_slider_wrapper\").css({height:tpopt.container.height()});tpopt.width=parseInt(tpopt.container.width(),0);tpopt.height=parseInt(tpopt.container.height(),0);tpopt.bw=tpopt.width\/tpopt.startwidth;tpopt.bh=tpopt.height\/tpopt.startheight;if(tpopt.bh>tpopt.bw)tpopt.bh=tpopt.bw;if(tpopt.bh<tpopt.bw)tpopt.bw=tpopt.bh;if(tpopt.bw<tpopt.bh)tpopt.bh=tpopt.bw;if(tpopt.bh>1){tpopt.bw=1;tpopt.bh=1}if(tpopt.bw>1){tpopt.bw=1;tpopt.bh=1}tpopt.height=Math.round(tpopt.startheight*(tpopt.width\/tpopt.startwidth));if(tpopt.height>tpopt.startheight&&tpopt.autoHeight!=\"on\")tpopt.height=tpopt.startheight;if(tpopt.fullScreen==\"on\"){tpopt.height=tpopt.bw*tpopt.startheight;var cow=tpopt.container.parent().width();var coh=jQuery(window).height();if(tpopt.fullScreenOffsetContainer!=undefined){try{var offcontainers=tpopt.fullScreenOffsetContainer.split(\",\");jQuery.each(offcontainers,function(e,t){coh=coh-jQuery(t).outerHeight(true);if(coh<tpopt.minFullScreenHeight)coh=tpopt.minFullScreenHeight})}catch(e){}}tpopt.container.parent().height(coh);tpopt.container.height(coh);tpopt.container.closest(\".rev_slider_wrapper\").height(coh);tpopt.container.closest(\".forcefullwidth_wrapper_tp_banner\").find(\".tp-fullwidth-forcer\").height(coh);tpopt.container.css({height:\"100%\"});tpopt.height=coh;}else{tpopt.container.height(tpopt.height);tpopt.container.closest(\".rev_slider_wrapper\").height(tpopt.height);tpopt.container.closest(\".forcefullwidth_wrapper_tp_banner\").find(\".tp-fullwidth-forcer\").height(tpopt.height);}\n\t\t\t\t};\n\n\t\t\t\t\/* CALL PLACEHOLDER *\/\n\t\t\t\tsetREVStartSize();\n\n\n\t\t\t\tvar tpj=jQuery;\n\t\t\t\ttpj.noConflict();\n\t\t\t\tvar revapi3;\n\n\t\t\t\ttpj(document).ready(function() {\n\n\t\t\t\tif(tpj('#rev_slider_3_1').revolution == undefined){\n\t\t\t\t\trevslider_showDoubleJqueryError('#rev_slider_3_1');\n\t\t\t\t}else{\n\t\t\t\t   revapi3 = tpj('#rev_slider_3_1').show().revolution(\n\t\t\t\t\t{\t\n\t\t\t\t\t\t\t\t\t\t\t\tdottedOverlay:\"none\",\n\t\t\t\t\t\tdelay:5000,\n\t\t\t\t\t\tstartwidth:1200,\n\t\t\t\t\t\tstartheight:800,\n\t\t\t\t\t\thideThumbs:0,\n\n\t\t\t\t\t\tthumbWidth:190,\n\t\t\t\t\t\tthumbHeight:110,\n\t\t\t\t\t\tthumbAmount:5,\n\t\t\t\t\t\t\n\t\t\t\t\t\t\t\t\t\t\t\t\n\t\t\t\t\t\tsimplifyAll:\"off\",\n\n\t\t\t\t\t\tnavigationType:\"thumb\",\n\t\t\t\t\t\tnavigationArrows:\"none\",\n\t\t\t\t\t\tnavigationStyle:\"round\",\n\n\t\t\t\t\t\ttouchenabled:\"on\",\n\t\t\t\t\t\tonHoverStop:\"off\",\n\t\t\t\t\t\tnextSlideOnWindowFocus:\"off\",\n\n\t\t\t\t\t\tswipe_threshold: 75,\n\t\t\t\t\t\tswipe_min_touches: 1,\n\t\t\t\t\t\tdrag_block_vertical: false,\n\t\t\t\t\t\t\n\t\t\t\t\t\t\t\t\t\t\t\t\n\t\t\t\t\t\t\t\t\t\t\t\t\n\t\t\t\t\t\tkeyboardNavigation:\"off\",\n\n\t\t\t\t\t\tnavigationHAlign:\"center\",\n\t\t\t\t\t\tnavigationVAlign:\"bottom\",\n\t\t\t\t\t\tnavigationHOffset:0,\n\t\t\t\t\t\tnavigationVOffset:20,\n\n\t\t\t\t\t\tsoloArrowLeftHalign:\"left\",\n\t\t\t\t\t\tsoloArrowLeftValign:\"center\",\n\t\t\t\t\t\tsoloArrowLeftHOffset:20,\n\t\t\t\t\t\tsoloArrowLeftVOffset:0,\n\n\t\t\t\t\t\tsoloArrowRightHalign:\"right\",\n\t\t\t\t\t\tsoloArrowRightValign:\"center\",\n\t\t\t\t\t\tsoloArrowRightHOffset:20,\n\t\t\t\t\t\tsoloArrowRightVOffset:0,\n\n\t\t\t\t\t\tshadow:0,\n\t\t\t\t\t\tfullWidth:\"on\",\n\t\t\t\t\t\tfullScreen:\"off\",\n\n\t\t\t\t\t\t\t\t\t\t\t\tspinner:\"spinner2\",\n\t\t\t\t\t\t\t\t\t\t\t\t\n\t\t\t\t\t\tstopLoop:\"off\",\n\t\t\t\t\t\tstopAfterLoops:-1,\n\t\t\t\t\t\tstopAtSlide:-1,\n\n\t\t\t\t\t\tshuffle:\"off\",\n\n\t\t\t\t\t\tautoHeight:\"off\",\n\t\t\t\t\t\tforceFullWidth:\"off\",\n\t\t\t\t\t\t\n\t\t\t\t\t\t\n\t\t\t\t\t\t\n\t\t\t\t\t\thideThumbsOnMobile:\"off\",\n\t\t\t\t\t\thideNavDelayOnMobile:1500,\n\t\t\t\t\t\thideBulletsOnMobile:\"off\",\n\t\t\t\t\t\thideArrowsOnMobile:\"off\",\n\t\t\t\t\t\thideThumbsUnderResolution:0,\n\n\t\t\t\t\t\t\t\t\t\t\t\thideSliderAtLimit:0,\n\t\t\t\t\t\thideCaptionAtLimit:0,\n\t\t\t\t\t\thideAllCaptionAtLilmit:0,\n\t\t\t\t\t\tstartWithSlide:0\t\t\t\t\t});\n\n\n\n\t\t\t\t\t\t\t\t\t}\n\t\t\t\t});\t\/*ready*\/\n\n\t\t\t<\/script>\n\n\n\t\t\t<style type=\"text\/css\">\n\t#rev_slider_3_1_wrapper .tp-loader.spinner2{ background-color: #FFFFFF !important; }\n<\/style>\n\t\t\t\t<style type=\"text\/css\">\n\t\t\t\t\t.tp-bullets.tp-thumbs {\n\tbottom: 0 !important;\n\tpadding: 0 !important;\n}\n.tp-bullets.tp-thumbs .bullet {\n\tposition: relative !important;\n\tbackground-color: transparent !important;\n\topacity: 1 !important;\n}\n.tp-bullets.tp-thumbs .bullet:before,\n.tp-bullets.tp-thumbs .bullet:after {\n\tcontent: \"\";\n\tposition: absolute;\n\ttop: 0;\n\tleft: 0;\n\tright: 0;\n\tbottom: 0;\n}\n.tp-bullets.tp-thumbs .bullet:hover:before,\n.tp-bullets.tp-thumbs .bullet.selected:before {\n\tborder: 4px solid rgb(162, 144, 97);\n}\n.tp-bullets.tp-thumbs .bullet:after {\n\tcontent: \"\";\n\tposition: absolute;\n\ttop: 0;\n\tleft: 0;\n\tright: 0;\n\tbottom: 0;\n\tbackground-image: url(\"http:\/\/demo.awethemes.com\/flawleshotel\/wp-content\/uploads\/2015\/02\/pattern.png\");\n\tbackground-repeat: repeat;\n}\n.tp-bullets.tp-thumbs .bullet:hover:after, \n.tp-bullets.tp-thumbs .bullet.selected:after {\n\tbackground-image: none;\n}\t\t\t\t<\/style>\n\t\t\t\t<\/div><!-- END REVOLUTION SLIDER -->\n<p>Benvenuti ad Aquileia una delle pi\u00f9 grandi citt\u00e0 dell\u2019Impero romano, una delle pi\u00f9 vivaci comunit\u00e0 del paleo cristianesimo latino, uno dei pi\u00f9 importanti antichi porti dell\u2019Adriatico, punto di partenza delle principali strade commerciali, culturali e militari verso il Nord Est europeo.<br \/>\nBenvenuti ad Aquileia, fondata dai romani nel 181 a.C., citt\u00e0 di cultura e crocevia di religioni, sede nominale di un episcopato e di un patriarcato, da oltre un secolo restituisce i suoi tesori: i sontuosi monumenti dell\u2019urbe imperiale, gli splendidi mosaici pavimentali della Basilica, le ricchissime aree archeologiche e il suo inestimabile patrimonio conservato nei suoi Musei.<br \/>\nBenvenuti ad Aquileia un territorio da scoprire attraverso la sua storia millenaria i sapori della sua ricca tradizione e la tranquillit\u00e0 dei ritmi che cercavi.<\/p>\n","protected":false},"excerpt":{"rendered":"<p>Benvenuti ad Aquileia una delle pi\u00f9 grandi citt\u00e0 dell\u2019Impero romano, una delle pi\u00f9 vivaci comunit\u00e0 del paleo cristianesimo latino, uno dei pi\u00f9 importanti antichi porti dell\u2019Adriatico, punto di partenza delle principali strade commerciali, culturali e militari verso il Nord Est europeo. Benvenuti ad Aquileia, fondata dai romani nel 181 a.C., citt\u00e0 di cultura e crocevia [&hellip;]<\/p>\n","protected":false},"author":1,"featured_media":0,"parent":0,"menu_order":0,"comment_status":"closed","ping_status":"closed","template":"","meta":[],"_links":{"self":[{"href":"https:\/\/casadelneri.test-wordpress.it\/index.php?rest_route=\/wp\/v2\/pages\/396"}],"collection":[{"href":"https:\/\/casadelneri.test-wordpress.it\/index.php?rest_route=\/wp\/v2\/pages"}],"about":[{"href":"https:\/\/casadelneri.test-wordpress.it\/index.php?rest_route=\/wp\/v2\/types\/page"}],"author":[{"embeddable":true,"href":"https:\/\/casadelneri.test-wordpress.it\/index.php?rest_route=\/wp\/v2\/users\/1"}],"replies":[{"embeddable":true,"href":"https:\/\/casadelneri.test-wordpress.it\/index.php?rest_route=%2Fwp%2Fv2%2Fcomments&post=396"}],"version-history":[{"count":0,"href":"https:\/\/casadelneri.test-wordpress.it\/index.php?rest_route=\/wp\/v2\/pages\/396\/revisions"}],"wp:attachment":[{"href":"https:\/\/casadelneri.test-wordpress.it\/index.php?rest_route=%2Fwp%2Fv2%2Fmedia&parent=396"}],"curies":[{"name":"wp","href":"https:\/\/api.w.org\/{rel}","templated":true}]}}